{"id":7637,"date":"2025-02-10T22:21:46","date_gmt":"2025-02-10T22:21:46","guid":{"rendered":"https:\/\/paymentsway.co\/?page_id=7637"},"modified":"2026-01-03T01:38:17","modified_gmt":"2026-01-03T01:38:17","slug":"innova-tus-pagos-tratamiento-de-datos","status":"publish","type":"page","link":"https:\/\/paymentsway.co\/en\/innova-tus-pagos-tratamiento-de-datos\/","title":{"rendered":"Innova tus pagos Tratamiento de datos"},"content":{"rendered":"<p>[et_pb_section fb_built=\u00bb1&#8243; _builder_version=\u00bb4.27.4&#8243; _module_preset=\u00bbdefault\u00bb background_color=\u00bb#FFFFFF\u00bb hover_enabled=\u00bb0&#8243; global_colors_info=\u00bb{}\u00bb sticky_enabled=\u00bb0&#8243;][et_pb_row _builder_version=\u00bb4.27.2&#8243; _module_preset=\u00bbdefault\u00bb custom_margin=\u00bb70px||||false|false\u00bb global_colors_info=\u00bb{}\u00bb][et_pb_column type=\u00bb4_4&#8243; _builder_version=\u00bb4.23.2&#8243; _module_preset=\u00bbdefault\u00bb global_colors_info=\u00bb{}\u00bb][et_pb_heading title=\u00bbAUTORIZACI\u00d3N PARA EL TRATAMIENTO DE DATOS PERSONALES\u00bb _builder_version=\u00bb4.27.4&#8243; _module_preset=\u00bbdefault\u00bb title_font=\u00bb|700|||||||\u00bb title_text_align=\u00bbcenter\u00bb title_text_color=\u00bb#000000&#8243; hover_enabled=\u00bb0&#8243; global_colors_info=\u00bb{}\u00bb sticky_enabled=\u00bb0&#8243;][\/et_pb_heading][et_pb_text _builder_version=\u00bb4.27.4&#8243; _module_preset=\u00bbdefault\u00bb text_text_color=\u00bb#000000&#8243; header_3_text_color=\u00bb#FFFFFF\u00bb custom_padding=\u00bb|||0px||\u00bb hover_enabled=\u00bb0&#8243; global_colors_info=\u00bb{}\u00bb sticky_enabled=\u00bb0&#8243;]<\/p>\n<p>Autorizo de manera voluntaria, expresa, informada y previa a <strong>INNOVA TUS PAGOS S.A.S.<\/strong>, en adelante <strong>INNOVA TUS PAGOS<\/strong> o simplemente <strong>ITP<\/strong>, para que recolecte, almacene, comparta y trate los datos suministrados o que llegue a suministrar para las siguientes finalidades:<\/p>\n<ul>\n<li><strong>Realizar el ofrecimiento de productos y servicios<\/strong>, incluyendo el env\u00edo de informaci\u00f3n sobre eventos, novedades, promociones, campa\u00f1as, publicidad y programas de fidelidad ofrecidos por <strong>ITP<\/strong> o sus aliados.<\/li>\n<li><strong>Elaborar estudios t\u00e9cnicos, estad\u00edsticos o de campo<\/strong> relacionados con los productos y servicios del Responsable o con su proceso productivo y\/o sus afiliadas, as\u00ed como cualquier otra finalidad directamente relacionada con las actividades realizadas por el Responsable.<\/li>\n<li><strong>Compartir los datos con aliados comerciales y estrat\u00e9gicos<\/strong> con los cuales <strong>ITP<\/strong> establezca relaciones comerciales para el ofrecimiento y desarrollo de ofertas de valor.<\/li>\n<li><strong>Cumplir con las obligaciones legales y regulatorias<\/strong>, as\u00ed como con las pol\u00edticas del Responsable.<\/li>\n<li><strong>Llevar a cabo actividades regulares en el \u00e1mbito del desarrollo normal y ordinario<\/strong> de la relaci\u00f3n comercial y contractual con el Responsable.<\/li>\n<\/ul>\n<p>Entiendo que <strong>INNOVA TUS PAGOS<\/strong> realizar\u00e1 el tratamiento dentro de los par\u00e1metros establecidos por la <strong>Ley 1581 de 2012<\/strong>, el <strong>Decreto Reglamentario 1377 de 2013<\/strong> y dem\u00e1s normatividad aplicable.<\/p>\n<hr \/>\n<h3><strong>As\u00ed mismo declaro que:<\/strong><\/h3>\n<ol>\n<li>He sido informado de que la <strong>Pol\u00edtica de Tratamiento de Datos Personales<\/strong> de los Responsables se encuentra publicada en <strong><a rel=\"noopener\" target=\"_new\"><span>https<\/span><span>:\/\/innovatuspagos<\/span><span>.co<\/span><span>\/politicas<\/span><span>-de<\/span><span>-privacidad\/<\/span><\/a><\/strong>.<\/li>\n<li>Como titular de los datos personales, tengo los derechos establecidos en la <strong>Ley 1581 de 2012<\/strong> y el <strong>Decreto 1377 de 2013<\/strong>, as\u00ed como en las normas que los modifiquen, complementen, adicionen o deroguen. En especial, tengo el derecho a <strong>conocer, actualizar, rectificar y revocar la autorizaci\u00f3n<\/strong> otorgada para el uso de mis datos personales. Dichos derechos se encuentran publicados en <strong><a rel=\"noopener\" target=\"_new\"><span>https<\/span><span>:\/\/innovatuspagos<\/span><span>.co<\/span><span>\/politicas<\/span><span>-de<\/span><span>-privacidad\/<\/span><\/a><\/strong>.<\/li>\n<li>Puedo <strong>conocer, corregir y actualizar mis datos<\/strong>, as\u00ed como <strong>revocar mi autorizaci\u00f3n y\/o solicitar la supresi\u00f3n de los datos<\/strong>. Entiendo que la revocaci\u00f3n de esta autorizaci\u00f3n solo operar\u00e1 cuando no exista un deber legal o contractual que obligue a conservar la informaci\u00f3n.<\/li>\n<li>La autorizaci\u00f3n estar\u00e1 vigente hasta que el titular de los datos personales solicite a <strong>INNOVA TUS PAGOS<\/strong> revocarla, por medio de los canales indicados en la <strong>Pol\u00edtica de Privacidad y Tratamiento de Datos Personales<\/strong>, publicada en <strong><a rel=\"noopener\" target=\"_new\"><span>https<\/span><span>:\/\/innovatuspagos<\/span><span>.co<\/span><span>\/politicas<\/span><span>-de<\/span><span>-privacidad\/<\/span><\/a><\/strong>, independientemente de si el interesado adquiere los servicios o no de <strong>INNOVA TUS PAGOS<\/strong>.<\/li>\n<li>Entiendo que los <strong>Datos Sensibles<\/strong> son aquellos que pueden afectar mi intimidad o generar discriminaci\u00f3n. Tambi\u00e9n entiendo que es <strong>voluntario<\/strong> suministrar Datos Sensibles y que es <strong>facultativo responder preguntas relacionadas con estos<\/strong>.<\/li>\n<li>Reconozco que la aceptaci\u00f3n de esta autorizaci\u00f3n, cuando se realice <strong>v\u00eda correo electr\u00f3nico, p\u00e1gina web y\/o a trav\u00e9s de cualquier otro mecanismo digital<\/strong>, constituye una <strong>firma electr\u00f3nica<\/strong> y tiene la misma validez y los mismos efectos jur\u00eddicos que la firma manuscrita. Esto en cumplimiento de la <strong>Ley 527 de 1999<\/strong>, sus Decretos Reglamentarios y dem\u00e1s normatividad vigente sobre la materia.<\/li>\n<\/ol>\n<p>[\/et_pb_text][\/et_pb_column][\/et_pb_row][\/et_pb_section]<\/p>\n","protected":false},"excerpt":{"rendered":"<p>Autorizo de manera voluntaria, expresa, informada y previa a INNOVA TUS PAGOS S.A.S., en adelante INNOVA TUS PAGOS o simplemente ITP, para que recolecte, almacene, comparta y trate los datos suministrados o que llegue a suministrar para las siguientes finalidades: Realizar el ofrecimiento de productos y servicios, incluyendo el env\u00edo de informaci\u00f3n sobre eventos, novedades, [&hellip;]<\/p>\n","protected":false},"author":1,"featured_media":0,"parent":0,"menu_order":0,"comment_status":"closed","ping_status":"closed","template":"","meta":{"_et_pb_use_builder":"on","_et_pb_old_content":"<!-- wp:divi\/placeholder \/-->","_et_gb_content_width":"","inline_featured_image":false,"footnotes":""},"class_list":["post-7637","page","type-page","status-publish","hentry"],"_links":{"self":[{"href":"https:\/\/paymentsway.co\/en\/wp-json\/wp\/v2\/pages\/7637","targetHints":{"allow":["GET"]}}],"collection":[{"href":"https:\/\/paymentsway.co\/en\/wp-json\/wp\/v2\/pages"}],"about":[{"href":"https:\/\/paymentsway.co\/en\/wp-json\/wp\/v2\/types\/page"}],"author":[{"embeddable":true,"href":"https:\/\/paymentsway.co\/en\/wp-json\/wp\/v2\/users\/1"}],"replies":[{"embeddable":true,"href":"https:\/\/paymentsway.co\/en\/wp-json\/wp\/v2\/comments?post=7637"}],"version-history":[{"count":5,"href":"https:\/\/paymentsway.co\/en\/wp-json\/wp\/v2\/pages\/7637\/revisions"}],"predecessor-version":[{"id":7975,"href":"https:\/\/paymentsway.co\/en\/wp-json\/wp\/v2\/pages\/7637\/revisions\/7975"}],"wp:attachment":[{"href":"https:\/\/paymentsway.co\/en\/wp-json\/wp\/v2\/media?parent=7637"}],"curies":[{"name":"wp","href":"https:\/\/api.w.org\/{rel}","templated":true}]}}