{"id":6411,"date":"2024-01-10T16:47:34","date_gmt":"2024-01-10T16:47:34","guid":{"rendered":"https:\/\/dev.paymentsway.co\/?page_id=6411"},"modified":"2024-01-11T18:20:53","modified_gmt":"2024-01-11T18:20:53","slug":"gracias","status":"publish","type":"page","link":"https:\/\/paymentsway.co\/en\/gracias\/","title":{"rendered":"Gracias"},"content":{"rendered":"<p>[et_pb_section fb_built=\u00bb1&#8243; _builder_version=\u00bb4.23.2&#8243; _module_preset=\u00bbdefault\u00bb background_enable_color=\u00bboff\u00bb background_image=\u00bbhttps:\/\/paymentsway.co\/wp-content\/uploads\/2024\/01\/Grupo-208.png\u00bb background_size=\u00bbcontain\u00bb background_repeat=\u00bbrepeat\u00bb global_colors_info=\u00bb{}\u00bb][et_pb_row column_structure=\u00bb1_5,3_5,1_5&#8243; _builder_version=\u00bb4.23.2&#8243; _module_preset=\u00bbdefault\u00bb global_colors_info=\u00bb{}\u00bb][et_pb_column type=\u00bb1_5&#8243; _builder_version=\u00bb4.23.2&#8243; _module_preset=\u00bbdefault\u00bb global_colors_info=\u00bb{}\u00bb][\/et_pb_column][et_pb_column type=\u00bb3_5&#8243; _builder_version=\u00bb4.23.2&#8243; _module_preset=\u00bbdefault\u00bb global_colors_info=\u00bb{}\u00bb][et_pb_image src=\u00bbhttps:\/\/paymentsway.co\/wp-content\/uploads\/2024\/01\/7-768&#215;768-1.png\u00bb title_text=\u00bb7-768&#215;768&#8243; _builder_version=\u00bb4.23.2&#8243; _module_preset=\u00bbdefault\u00bb animation_style=\u00bbslide\u00bb hover_enabled=\u00bb0&#8243; global_colors_info=\u00bb{}\u00bb width=\u00bb44%\u00bb align=\u00bbcenter\u00bb sticky_enabled=\u00bb0&#8243;][\/et_pb_image][et_pb_heading title=\u00bb\u00a1Muchas gracias!\u00bb _builder_version=\u00bb4.23.2&#8243; _module_preset=\u00bbdefault\u00bb title_font=\u00bb|700|||||||\u00bb title_text_align=\u00bbcenter\u00bb title_text_color=\u00bb#FFFFFF\u00bb title_font_size=\u00bb70px\u00bb title_font_size_tablet=\u00bb70px\u00bb title_font_size_phone=\u00bb35px\u00bb title_font_size_last_edited=\u00bbon|phone\u00bb global_colors_info=\u00bb{}\u00bb][\/et_pb_heading][et_pb_text _builder_version=\u00bb4.23.2&#8243; _module_preset=\u00bbdefault\u00bb text_text_color=\u00bb#FFFFFF\u00bb text_font_size=\u00bb20px\u00bb global_colors_info=\u00bb{}\u00bb]<\/p>\n<p style=\"text-align: center;\"><span>Pronto recibir\u00e1s m\u00e1s informaci\u00f3n sobre el producto en el que est\u00e1s interesado, <\/span><span>a trav\u00e9s de tu correo electr\u00f3nico.<\/span><\/p>\n<p>[\/et_pb_text][et_pb_button button_text=\u00bbVolver al Inicio\u00bb button_alignment=\u00bbcenter\u00bb _builder_version=\u00bb4.23.2&#8243; _module_preset=\u00bbdefault\u00bb custom_button=\u00bbon\u00bb button_text_color=\u00bb#FF2142&#8243; button_border_radius=\u00bb43px\u00bb global_colors_info=\u00bb{}\u00bb][\/et_pb_button][et_pb_code _builder_version=\u00bb4.23.2&#8243; _module_preset=\u00bbdefault\u00bb global_colors_info=\u00bb{}\u00bb]<!-- Event snippet for Website lead conversion page --> <script> gtag('event', 'conversion', {'send_to': 'AW-11067168364\/e1b7CLztposYEOysnp0p'}); <\/script>[\/et_pb_code][\/et_pb_column][et_pb_column type=\u00bb1_5&#8243; _builder_version=\u00bb4.23.2&#8243; _module_preset=\u00bbdefault\u00bb global_colors_info=\u00bb{}\u00bb][\/et_pb_column][\/et_pb_row][\/et_pb_section]<\/p>\n","protected":false},"excerpt":{"rendered":"<p>Pronto recibir\u00e1s m\u00e1s informaci\u00f3n sobre el producto en el que est\u00e1s interesado, a trav\u00e9s de tu correo electr\u00f3nico.<\/p>","protected":false},"author":1,"featured_media":0,"parent":0,"menu_order":0,"comment_status":"closed","ping_status":"closed","template":"","meta":{"_et_pb_use_builder":"on","_et_pb_old_content":"<!-- wp:divi\/placeholder \/-->","_et_gb_content_width":"","inline_featured_image":false,"footnotes":""},"class_list":["post-6411","page","type-page","status-publish","hentry"],"_links":{"self":[{"href":"https:\/\/paymentsway.co\/en\/wp-json\/wp\/v2\/pages\/6411","targetHints":{"allow":["GET"]}}],"collection":[{"href":"https:\/\/paymentsway.co\/en\/wp-json\/wp\/v2\/pages"}],"about":[{"href":"https:\/\/paymentsway.co\/en\/wp-json\/wp\/v2\/types\/page"}],"author":[{"embeddable":true,"href":"https:\/\/paymentsway.co\/en\/wp-json\/wp\/v2\/users\/1"}],"replies":[{"embeddable":true,"href":"https:\/\/paymentsway.co\/en\/wp-json\/wp\/v2\/comments?post=6411"}],"version-history":[{"count":8,"href":"https:\/\/paymentsway.co\/en\/wp-json\/wp\/v2\/pages\/6411\/revisions"}],"predecessor-version":[{"id":6476,"href":"https:\/\/paymentsway.co\/en\/wp-json\/wp\/v2\/pages\/6411\/revisions\/6476"}],"wp:attachment":[{"href":"https:\/\/paymentsway.co\/en\/wp-json\/wp\/v2\/media?parent=6411"}],"curies":[{"name":"wp","href":"https:\/\/api.w.org\/{rel}","templated":true}]}}