{"id":6052,"date":"2024-01-03T01:08:10","date_gmt":"2024-01-03T01:08:10","guid":{"rendered":"https:\/\/dev.paymentsway.co\/?page_id=6052"},"modified":"2024-01-03T01:14:42","modified_gmt":"2024-01-03T01:14:42","slug":"tratamiento-de-datos","status":"publish","type":"page","link":"https:\/\/paymentsway.co\/en\/tratamiento-de-datos\/","title":{"rendered":"Data Processing"},"content":{"rendered":"<p>[et_pb_section fb_built=\u00bb1&#8243; _builder_version=\u00bb4.23.2&#8243; _module_preset=\u00bbdefault\u00bb global_colors_info=\u00bb{}\u00bb][et_pb_row _builder_version=\u00bb4.23.2&#8243; _module_preset=\u00bbdefault\u00bb global_colors_info=\u00bb{}\u00bb][et_pb_column type=\u00bb4_4&#8243; _builder_version=\u00bb4.23.2&#8243; _module_preset=\u00bbdefault\u00bb global_colors_info=\u00bb{}\u00bb][et_pb_heading _builder_version=\u00bb4.23.2&#8243; _module_preset=\u00bbdefault\u00bb hover_enabled=\u00bb0&#8243; sticky_enabled=\u00bb0&#8243; title=\u00bbAUTORIZACI\u00d3N PARA EL TRATAMIENTO DE DATOS PERSONALES\u00bb title_font=\u00bb|700|||||||\u00bb title_text_align=\u00bbcenter\u00bb][\/et_pb_heading][et_pb_text _builder_version=\u00bb4.23.2&#8243; _module_preset=\u00bbdefault\u00bb hover_enabled=\u00bb0&#8243; global_colors_info=\u00bb{}\u00bb sticky_enabled=\u00bb0&#8243;]<\/p>\n<div class=\"elementor-element elementor-element-3bb0164 elementor-widget elementor-widget-text-editor\" data-id=\"3bb0164\" data-element_type=\"widget\" data-widget_type=\"text-editor.default\">\n<div class=\"elementor-widget-container\">\n<p style=\"text-align: center;\">\n<\/div>\n<\/div>\n<div class=\"elementor-element elementor-element-bf793a1 elementor-widget elementor-widget-text-editor\" data-id=\"bf793a1\" data-element_type=\"widget\" data-widget_type=\"text-editor.default\">\n<div class=\"elementor-widget-container\">\n<p>Autorizo de manera voluntaria, expresa, informada y previa a<span>\u00a0<\/span><b>PAYMENTS WAY SOLUTIONS S.A.S.<\/b><span>\u00a0<\/span>en adel\u00e1ntate PAYMENTS WAY o simplemente PWS para que recolecte, almacene, comparta y trate los datos suministrados o que llegue a suministrar para las siguientes finalidades:<\/p>\n<ol>\n<li>Realizar el ofrecimiento de productos y servicios, incluyendo el env\u00edo de informaci\u00f3n sobre eventos, novedades, promociones, campa\u00f1as, publicidad y programas de fidelidad ofrecidos por PWS o sus aliados.<\/li>\n<li>Elaborar estudios t\u00e9cnicos, estad\u00edsticos o de campo relacionados con los productos y servicios del Responsable o con su proceso productivo y\/o sus afiliadas, as\u00ed como cualquier otra finalidad directamente relacionada con las actividades realizadas por el Responsable.<\/li>\n<li>Compartirlos con aliados comerciales y estrat\u00e9gicos con los cuales PWS establezca relaciones comerciales a efecto de realizar el ofrecimiento y desarrollo de ofertas de valor.<\/li>\n<li>Las dem\u00e1s finalidades necesarias para dar cumplimiento a las obligaciones legales y regulatorias, as\u00ed como de las pol\u00edticas del Responsable<\/li>\n<li>Para llevar a cabo actividades regulares en el \u00e1mbito del desarrollo normal y ordinario de la relaci\u00f3n comercial y contractual con el Responsable.<\/li>\n<\/ol>\n<p>Entiendo que<b><span>\u00a0<\/span>PAYMENTS WAY<\/b><span>\u00a0<\/span>realizar\u00e1 el tratamiento dentro de los par\u00e1metros establecidos por Ley 1581 de 2012, el Decreto Reglamentario 1377 de 2013 y dem\u00e1s normatividad aplicable.<\/p>\n<p>&nbsp;<\/p>\n<p>As\u00ed mismo declaro que:<\/p>\n<ol>\n<li>Que he sido informado que la Pol\u00edtica de Tratamiento de datos personales de los Responsables las cuales se encuentran publicadas en\u00a0<a href=\"https:\/\/paymentsway.co\/politicas-de-privacidad\/\" target=\"_blank\" rel=\"noopener\"><u><b>https:\/\/paymentsway.co\/politicas-de-privacidad\/<\/b><\/u><\/a><\/li>\n<li>Que como titular de los datos personales tengo los derechos establecidos en la Ley 1581 de 2012 y el Decreto 1377 de 2013 y dem\u00e1s normas que los modifiquen, complementen, adicionen o deroguen de tiempo en tiempo, en especial el derecho a conocer, actualizar, rectificar y revocar la autorizaci\u00f3n que he otorgado para el uso de mis datos personales. Dichos derechos se encuentran publicados en:\u00a0<a href=\"https:\/\/paymentsway.co\/politicas-de-privacidad\/\" target=\"_blank\" rel=\"noopener\"><b><u>https:\/\/paymentsway.co\/politicas-de-privacidad\/<\/u><\/b><\/a><\/li>\n<li>Que puedo conocer, corregir y actualizar mis datos, as\u00ed como revocar mi autorizaci\u00f3n y\/o solicitar la supresi\u00f3n del dato. Entiendo que la revocaci\u00f3n de esta autorizaci\u00f3n s\u00f3lo operar\u00e1 cuando no medie un deber legal o contractual que obligue a conservar la informaci\u00f3n.<\/li>\n<\/ol>\n<p>La autorizaci\u00f3n estar\u00e1 vigente hasta que el titular de los datos personales solicite a PWS revocar la misma, por medio de los canales indicados en Pol\u00edticas de Privacidad y Tratamiento de Datos Personales que se encuentra publicada en\u00a0<a href=\"https:\/\/paymentsway.co\/politicas-de-privacidad\/\" target=\"_blank\" rel=\"noopener\"><b><u>https:\/\/paymentsway.co\/politicas-de-privacidad\/<\/u><\/b><\/a>\u00a0, independientemente si el interesado adquiere los servicios o no de PAYMENTS WAY.<\/p>\n<ol start=\"4\">\n<li>Que entiendo que los Datos Sensibles son aquellos que pueden afectar mi intimidad o generar discriminaci\u00f3n. Tambi\u00e9n entiendo que es voluntario suministrar Datos Sensibles y que es facultativo responder preguntas relacionadas con \u00e9stos<\/li>\n<\/ol>\n<p>El titular de los datos personales reconoce que la aceptaci\u00f3n de esta autorizaci\u00f3n en los casos en que se realice v\u00eda correo electr\u00f3nico, p\u00e1gina web y\/o a trav\u00e9s de cualquier otro mecanismo digital, constituye una firma electr\u00f3nica y tiene la misma validez y los mismos efectos jur\u00eddicos de la firma manuscrita. Lo anterior, en cumplimiento de la Ley 527 de 1999, sus Decretos Reglamentarios y dem\u00e1s normatividad vigente sobre la materia.<\/p>\n<\/div>\n<\/div>\n<p>[\/et_pb_text][\/et_pb_column][\/et_pb_row][\/et_pb_section]<\/p>\n","protected":false},"excerpt":{"rendered":"<p>Autorizo de manera voluntaria, expresa, informada y previa a\u00a0PAYMENTS WAY SOLUTIONS S.A.S.\u00a0en adel\u00e1ntate PAYMENTS WAY o simplemente PWS para que recolecte, almacene, comparta y trate los datos suministrados o que llegue a suministrar para las siguientes finalidades: Realizar el ofrecimiento de productos y servicios, incluyendo el env\u00edo de informaci\u00f3n sobre eventos, novedades, promociones, campa\u00f1as, publicidad [&hellip;]<\/p>\n","protected":false},"author":1,"featured_media":0,"parent":0,"menu_order":0,"comment_status":"closed","ping_status":"closed","template":"","meta":{"_et_pb_use_builder":"on","_et_pb_old_content":"<!-- wp:divi\/placeholder \/-->","_et_gb_content_width":"","inline_featured_image":false,"footnotes":""},"class_list":["post-6052","page","type-page","status-publish","hentry"],"_links":{"self":[{"href":"https:\/\/paymentsway.co\/en\/wp-json\/wp\/v2\/pages\/6052","targetHints":{"allow":["GET"]}}],"collection":[{"href":"https:\/\/paymentsway.co\/en\/wp-json\/wp\/v2\/pages"}],"about":[{"href":"https:\/\/paymentsway.co\/en\/wp-json\/wp\/v2\/types\/page"}],"author":[{"embeddable":true,"href":"https:\/\/paymentsway.co\/en\/wp-json\/wp\/v2\/users\/1"}],"replies":[{"embeddable":true,"href":"https:\/\/paymentsway.co\/en\/wp-json\/wp\/v2\/comments?post=6052"}],"version-history":[{"count":5,"href":"https:\/\/paymentsway.co\/en\/wp-json\/wp\/v2\/pages\/6052\/revisions"}],"predecessor-version":[{"id":6064,"href":"https:\/\/paymentsway.co\/en\/wp-json\/wp\/v2\/pages\/6052\/revisions\/6064"}],"wp:attachment":[{"href":"https:\/\/paymentsway.co\/en\/wp-json\/wp\/v2\/media?parent=6052"}],"curies":[{"name":"wp","href":"https:\/\/api.w.org\/{rel}","templated":true}]}}