{"id":45,"date":"2023-12-26T19:09:34","date_gmt":"2023-12-26T19:09:34","guid":{"rendered":"https:\/\/dev.paymentsway.co\/?page_id=45"},"modified":"2025-04-14T18:12:56","modified_gmt":"2025-04-14T18:12:56","slug":"datafonos","status":"publish","type":"page","link":"https:\/\/paymentsway.co\/en\/datafonos\/","title":{"rendered":"Card terminals"},"content":{"rendered":"<p>[et_pb_section fb_built=\u00bb1&#8243; _builder_version=\u00bb4.27.2&#8243; _module_preset=\u00bbdefault\u00bb background_enable_color=\u00bboff\u00bb background_image=\u00bbhttps:\/\/paymentsway.co\/wp-content\/uploads\/2025\/04\/Fondo-PW.png\u00bb background_enable_pattern_style=\u00bbon\u00bb background_pattern_color=\u00bbrgba(255,33,66,0.06)\u00bb custom_padding=\u00bb65px||||false|false\u00bb bottom_divider_style=\u00bbcurve2&#8243; bottom_divider_color=\u00bb#FFFFFF\u00bb global_colors_info=\u00bb{}\u00bb][et_pb_row column_structure=\u00bb1_2,1_2&#8243; make_equal=\u00bbon\u00bb _builder_version=\u00bb4.23.1&#8243; _module_preset=\u00bbdefault\u00bb module_alignment=\u00bbcenter\u00bb global_colors_info=\u00bb{}\u00bb][et_pb_column type=\u00bb1_2&#8243; _builder_version=\u00bb4.23.1&#8243; _module_preset=\u00bbdefault\u00bb custom_css_main_element=\u00bbmargin: auto;\u00bb global_colors_info=\u00bb{}\u00bb][et_pb_heading title=\u00bbDat\u00e1fonos\u00bb _builder_version=\u00bb4.27.2&#8243; _module_preset=\u00bbdefault\u00bb title_font=\u00bbMontserrat|700|||||||\u00bb title_text_color=\u00bb#FFFFFF\u00bb title_font_size=\u00bb60px\u00bb custom_margin=\u00bb||6px|||\u00bb title_font_size_tablet=\u00bb60px\u00bb title_font_size_phone=\u00bb60px\u00bb title_font_size_last_edited=\u00bbon|phone\u00bb global_colors_info=\u00bb{}\u00bb][\/et_pb_heading][et_pb_text _builder_version=\u00bb4.27.2&#8243; _module_preset=\u00bbdefault\u00bb text_font=\u00bbMontserrat||||||||\u00bb text_text_color=\u00bb#FFFFFF\u00bb text_font_size=\u00bb16px\u00bb custom_margin=\u00bb||14px|||\u00bb global_colors_info=\u00bb{}\u00bb]<\/p>\n<p><span>Red de Credibanco de \u00faltima <\/span><span>tecnolog\u00eda<\/span><\/p>\n<p>[\/et_pb_text][et_pb_button button_text=\u00bbSaber m\u00e1s\u00bb button_alignment=\u00bbleft\u00bb _builder_version=\u00bb4.23.1&#8243; _module_preset=\u00bbdefault\u00bb custom_button=\u00bbon\u00bb button_text_color=\u00bb#FFFFFF\u00bb button_bg_color=\u00bb#ff2142&#8243; button_border_width=\u00bb0px\u00bb button_border_color=\u00bb#FFFFFF\u00bb button_border_radius=\u00bb25px\u00bb button_font=\u00bbMontserrat||||||||\u00bb global_colors_info=\u00bb{}\u00bb][\/et_pb_button][\/et_pb_column][et_pb_column type=\u00bb1_2&#8243; _builder_version=\u00bb4.23.1&#8243; _module_preset=\u00bbdefault\u00bb global_colors_info=\u00bb{}\u00bb][et_pb_image src=\u00bbhttps:\/\/paymentsway.co\/wp-content\/uploads\/2025\/04\/CREDIT-1.png\u00bb title_text=\u00bbCREDIT\u00bb _builder_version=\u00bb4.27.2&#8243; _module_preset=\u00bbdefault\u00bb global_colors_info=\u00bb{}\u00bb][\/et_pb_image][\/et_pb_column][\/et_pb_row][\/et_pb_section][et_pb_section fb_built=\u00bb1&#8243; _builder_version=\u00bb4.23.1&#8243; _module_preset=\u00bbdefault\u00bb global_colors_info=\u00bb{}\u00bb][et_pb_row column_structure=\u00bb1_2,1_2&#8243; make_equal=\u00bbon\u00bb _builder_version=\u00bb4.23.1&#8243; _module_preset=\u00bbdefault\u00bb module_alignment=\u00bbcenter\u00bb global_colors_info=\u00bb{}\u00bb][et_pb_column type=\u00bb1_2&#8243; _builder_version=\u00bb4.23.1&#8243; _module_preset=\u00bbdefault\u00bb global_colors_info=\u00bb{}\u00bb][et_pb_image src=\u00bbhttps:\/\/paymentsway.co\/wp-content\/uploads\/2025\/04\/2149908259-1-1.png\u00bb title_text=\u00bb2149908259 (1)\u00bb align_tablet=\u00bbcenter\u00bb align_phone=\u00bbcenter\u00bb align_last_edited=\u00bbon|phone\u00bb _builder_version=\u00bb4.27.2&#8243; _module_preset=\u00bbdefault\u00bb global_colors_info=\u00bb{}\u00bb][\/et_pb_image][\/et_pb_column][et_pb_column type=\u00bb1_2&#8243; _builder_version=\u00bb4.23.1&#8243; _module_preset=\u00bbdefault\u00bb custom_css_main_element=\u00bbmargin: auto;\u00bb global_colors_info=\u00bb{}\u00bb][et_pb_heading title=\u00bbPara los comercios que quieran usar dat\u00e1fonos\u00bb _builder_version=\u00bb4.23.1&#8243; _module_preset=\u00bbdefault\u00bb title_font=\u00bbMontserrat|700|||||||\u00bb global_colors_info=\u00bb{}\u00bb][\/et_pb_heading][et_pb_text _builder_version=\u00bb4.23.1&#8243; _module_preset=\u00bbdefault\u00bb text_font=\u00bbMontserrat||||||||\u00bb text_font_size=\u00bb16px\u00bb global_colors_info=\u00bb{}\u00bb]<\/p>\n<p><strong>\u00a1No pierdas m\u00e1s ventas!<\/strong><span>\u00a0Ofr\u00e9cele a tus clientes una alternativa cuando no tienen efectivo a la mano.<\/span><\/p>\n<p>[\/et_pb_text][et_pb_button button_text=\u00bb\u00a1Quiero el m\u00edo ahora!\u00bb button_alignment=\u00bbleft\u00bb _builder_version=\u00bb4.27.2&#8243; _module_preset=\u00bbdefault\u00bb custom_button=\u00bbon\u00bb button_text_color=\u00bb#FFFFFF\u00bb button_bg_color=\u00bb#ff2142&#8243; button_border_width=\u00bb0px\u00bb button_border_color=\u00bb#FFFFFF\u00bb button_border_radius=\u00bb25px\u00bb button_font=\u00bbMontserrat||||||||\u00bb hover_enabled=\u00bb0&#8243; global_colors_info=\u00bb{}\u00bb sticky_enabled=\u00bb0&#8243;][\/et_pb_button][\/et_pb_column][\/et_pb_row][\/et_pb_section][et_pb_section fb_built=\u00bb1&#8243; theme_builder_area=\u00bbpost_content\u00bb _builder_version=\u00bb4.27.2&#8243; _module_preset=\u00bbdefault\u00bb][et_pb_row custom_padding_last_edited=\u00bbon|phone\u00bb _builder_version=\u00bb4.27.2&#8243; _module_preset=\u00bbdefault\u00bb background_color=\u00bb#333333&#8243; background_image=\u00bbhttps:\/\/paymentsway.co\/wp-content\/uploads\/2025\/01\/Fondo.png\u00bb custom_padding=\u00bb61px|92px|61px|92px|true|true\u00bb custom_padding_tablet=\u00bb61px|92px|61px|92px|true|true\u00bb custom_padding_phone=\u00bb41px|20px|41px|20px|true|true\u00bb hover_enabled=\u00bb0&#8243; border_radii=\u00bbon|40px|40px|40px|40px\u00bb border_width_all=\u00bb5px\u00bb border_color_all=\u00bb#FF2142&#8243; global_colors_info=\u00bb{}\u00bb theme_builder_area=\u00bbpost_content\u00bb max_width=\u00bb1553px\u00bb sticky_enabled=\u00bb0&#8243; max_width_last_edited=\u00bbon|phone\u00bb width_last_edited=\u00bbon|phone\u00bb width_phone=\u00bb92%\u00bb max_width_tablet=\u00bb1553px\u00bb max_width_phone=\u00bb1553px\u00bb][et_pb_column type=\u00bb4_4&#8243; _builder_version=\u00bb4.23.1&#8243; _module_preset=\u00bbdefault\u00bb global_colors_info=\u00bb{}\u00bb theme_builder_area=\u00bbpost_content\u00bb][et_pb_heading title=\u00bbAceptaci\u00f3n de tarjetas de cr\u00e9dito y d\u00e9bito de cualquier franquicia\u00bb _builder_version=\u00bb4.23.1&#8243; _module_preset=\u00bbdefault\u00bb title_font=\u00bbMontserrat|700|||||||\u00bb title_text_align=\u00bbcenter\u00bb title_text_color=\u00bb#FFFFFF\u00bb global_colors_info=\u00bb{}\u00bb theme_builder_area=\u00bbpost_content\u00bb][\/et_pb_heading][\/et_pb_column][\/et_pb_row][et_pb_row _builder_version=\u00bb4.27.2&#8243; _module_preset=\u00bbdefault\u00bb theme_builder_area=\u00bbpost_content\u00bb column_structure=\u00bb1_2,1_2&#8243; max_width=\u00bb1553px\u00bb module_alignment=\u00bbcenter\u00bb use_custom_gutter=\u00bbon\u00bb gutter_width=\u00bb2&#8243; hover_enabled=\u00bb0&#8243; sticky_enabled=\u00bb0&#8243; make_equal=\u00bbon\u00bb width_last_edited=\u00bbon|phone\u00bb width_phone=\u00bb92%\u00bb][et_pb_column _builder_version=\u00bb4.27.2&#8243; _module_preset=\u00bbdefault\u00bb type=\u00bb1_2&#8243; theme_builder_area=\u00bbpost_content\u00bb box_shadow_style=\u00bbpreset1&#8243; box_shadow_color=\u00bbrgba(98,152,193,0.3)\u00bb border_radii=\u00bbon|30px|30px|30px|30px\u00bb custom_padding=\u00bb40px|40px|40px|40px|true|true\u00bb hover_enabled=\u00bb0&#8243; sticky_enabled=\u00bb0&#8243;][et_pb_image src=\u00bbhttps:\/\/paymentsway.co\/wp-content\/uploads\/2024\/01\/Object1-1.png\u00bb title_text=\u00bbObject1&#8243; _builder_version=\u00bb4.27.2&#8243; _module_preset=\u00bbdefault\u00bb width=\u00bb35%\u00bb module_alignment=\u00bbcenter\u00bb hover_enabled=\u00bb0&#8243; global_colors_info=\u00bb{}\u00bb theme_builder_area=\u00bbpost_content\u00bb sticky_enabled=\u00bb0&#8243;][\/et_pb_image][et_pb_heading title=\u00bbDat\u00e1fono\u00bb _builder_version=\u00bb4.23.1&#8243; _module_preset=\u00bbdefault\u00bb title_font=\u00bbMontserrat|700|||||||\u00bb global_colors_info=\u00bb{}\u00bb theme_builder_area=\u00bbpost_content\u00bb][\/et_pb_heading][et_pb_text _builder_version=\u00bb4.23.1&#8243; _module_preset=\u00bbdefault\u00bb text_font=\u00bbMontserrat||||||||\u00bb text_font_size=\u00bb16px\u00bb global_colors_info=\u00bb{}\u00bb theme_builder_area=\u00bbpost_content\u00bb]<\/p>\n<div class=\"elementor-element elementor-element-fb39226 elementor-widget elementor-widget-text-editor\" data-id=\"fb39226\" data-element_type=\"widget\" data-widget_type=\"text-editor.default\">\n<div class=\"elementor-widget-container\">Contamos con diferentes tipos de dat\u00e1fonos, esquemas de cobro y tecnolog\u00edas. \u00a1Preg\u00fantanos por el que m\u00e1s se ajuste a tu modelo de negocio!<\/div>\n<\/div>\n<div class=\"elementor-element elementor-element-573a8fe elementor-widget elementor-widget-text-editor\" data-id=\"573a8fe\" data-element_type=\"widget\" data-widget_type=\"text-editor.default\">\n<div class=\"elementor-widget-container\"><strong>Comision:<\/strong><\/div>\n<\/div>\n<div class=\"elementor-element elementor-element-c03ca90 elementor-widget elementor-widget-text-editor\" data-id=\"c03ca90\" data-element_type=\"widget\" data-widget_type=\"text-editor.default\">\n<div class=\"elementor-widget-container\">3% + IVA por transacciones exitosas*<br \/>*Aplican T\u00e9rminos y Condiciones<\/div>\n<\/div>\n<p>[\/et_pb_text][\/et_pb_column][et_pb_column _builder_version=\u00bb4.27.2&#8243; _module_preset=\u00bbdefault\u00bb type=\u00bb1_2&#8243; theme_builder_area=\u00bbpost_content\u00bb box_shadow_style=\u00bbpreset1&#8243; box_shadow_color=\u00bbrgba(98,152,193,0.3)\u00bb border_radii=\u00bbon|30px|30px|30px|30px\u00bb custom_padding=\u00bb40px|40px|40px|40px|true|true\u00bb hover_enabled=\u00bb0&#8243; sticky_enabled=\u00bb0&#8243;][et_pb_image src=\u00bbhttps:\/\/paymentsway.co\/wp-content\/uploads\/2023\/12\/39.png\u00bb title_text=\u00bb39&#8243; _builder_version=\u00bb4.23.2&#8243; _module_preset=\u00bbdefault\u00bb global_colors_info=\u00bb{}\u00bb theme_builder_area=\u00bbpost_content\u00bb][\/et_pb_image][et_pb_heading title=\u00bbPara los comercios que quieran usar dat\u00e1fonos\u00bb _builder_version=\u00bb4.23.2&#8243; _module_preset=\u00bbdefault\u00bb title_font=\u00bbMontserrat|700|||||||\u00bb global_colors_info=\u00bb{}\u00bb theme_builder_area=\u00bbpost_content\u00bb][\/et_pb_heading][et_pb_text _builder_version=\u00bb4.23.2&#8243; _module_preset=\u00bbdefault\u00bb text_font=\u00bbMontserrat||||||||\u00bb text_font_size=\u00bb16px\u00bb global_colors_info=\u00bb{}\u00bb theme_builder_area=\u00bbpost_content\u00bb]<\/p>\n<div class=\"elementor-element elementor-element-fb39226 elementor-widget elementor-widget-text-editor\" data-id=\"fb39226\" data-element_type=\"widget\" data-widget_type=\"text-editor.default\">\n<div class=\"elementor-widget-container\"><strong>\u00a1No pierdas m\u00e1s ventas!<\/strong><span>\u00a0Ofr\u00e9cele a tus clientes una alternativa cuando no tienen efectivo a la mano.<\/span><\/div>\n<\/div>\n<p>[\/et_pb_text][\/et_pb_column][\/et_pb_row][\/et_pb_section]<\/p>\n","protected":false},"excerpt":{"rendered":"<p>Red de Credibanco de \u00faltima tecnolog\u00eda\u00a1No pierdas m\u00e1s ventas!\u00a0Ofr\u00e9cele a tus clientes una alternativa cuando no tienen efectivo a la mano. Contamos con diferentes tipos de dat\u00e1fonos, esquemas de cobro y tecnolog\u00edas. \u00a1Preg\u00fantanos por el que m\u00e1s se ajuste a tu modelo de negocio! Comision: 3% + IVA por transacciones exitosas**Aplican T\u00e9rminos y Condiciones \u00a1No [&hellip;]<\/p>\n","protected":false},"author":1,"featured_media":0,"parent":0,"menu_order":0,"comment_status":"closed","ping_status":"closed","template":"","meta":{"_et_pb_use_builder":"on","_et_pb_old_content":"<!-- wp:divi\/placeholder \/-->","_et_gb_content_width":"","inline_featured_image":false,"footnotes":""},"class_list":["post-45","page","type-page","status-publish","hentry"],"_links":{"self":[{"href":"https:\/\/paymentsway.co\/en\/wp-json\/wp\/v2\/pages\/45","targetHints":{"allow":["GET"]}}],"collection":[{"href":"https:\/\/paymentsway.co\/en\/wp-json\/wp\/v2\/pages"}],"about":[{"href":"https:\/\/paymentsway.co\/en\/wp-json\/wp\/v2\/types\/page"}],"author":[{"embeddable":true,"href":"https:\/\/paymentsway.co\/en\/wp-json\/wp\/v2\/users\/1"}],"replies":[{"embeddable":true,"href":"https:\/\/paymentsway.co\/en\/wp-json\/wp\/v2\/comments?post=45"}],"version-history":[{"count":18,"href":"https:\/\/paymentsway.co\/en\/wp-json\/wp\/v2\/pages\/45\/revisions"}],"predecessor-version":[{"id":7731,"href":"https:\/\/paymentsway.co\/en\/wp-json\/wp\/v2\/pages\/45\/revisions\/7731"}],"wp:attachment":[{"href":"https:\/\/paymentsway.co\/en\/wp-json\/wp\/v2\/media?parent=45"}],"curies":[{"name":"wp","href":"https:\/\/api.w.org\/{rel}","templated":true}]}}